{"id":36591,"date":"2026-05-13T09:58:43","date_gmt":"2026-05-13T09:58:43","guid":{"rendered":"https:\/\/mva.navyrovne.cz\/?page_id=36591"},"modified":"2026-05-13T09:58:43","modified_gmt":"2026-05-13T09:58:43","slug":"zazijte-bezpecne-a-spolehlive-hrani-s-rabona-kde-nove-hrace-cekaji-lakave-uvitaci-bonusy-atraktivni-cashback-a-pravidelne-akcni-nabidky-pro-verne-zakazniky","status":"publish","type":"page","link":"https:\/\/mva.navyrovne.cz\/?page_id=36591","title":{"rendered":"<div style=\"position: absolute; left: -7566px;\"><p>Za\u017eijte bezpe\u010dn\u00e9 a spolehliv\u00e9 hran\u00ed s <a href=\"https:\/\/rabonakasino.cz\/\">Rabona<\/a>, kde nov\u00e9 hr\u00e1\u010de \u010dekaj\u00ed l\u00e1kav\u00e9 uv\u00edtac\u00ed bonusy, atraktivn\u00ed cashback a pravideln\u00e9 ak\u010dn\u00ed nab\u00eddky pro v\u011brn\u00e9 z\u00e1kazn\u00edky.<\/p><\/div>"},"content":{"rendered":"","protected":false},"excerpt":{"rendered":"","protected":false},"author":3,"featured_media":0,"parent":0,"menu_order":0,"comment_status":"closed","ping_status":"closed","template":"","meta":{"footnotes":""},"class_list":["post-36591","page","type-page","status-publish","hentry"],"_links":{"self":[{"href":"https:\/\/mva.navyrovne.cz\/index.php?rest_route=\/wp\/v2\/pages\/36591","targetHints":{"allow":["GET"]}}],"collection":[{"href":"https:\/\/mva.navyrovne.cz\/index.php?rest_route=\/wp\/v2\/pages"}],"about":[{"href":"https:\/\/mva.navyrovne.cz\/index.php?rest_route=\/wp\/v2\/types\/page"}],"author":[{"embeddable":true,"href":"https:\/\/mva.navyrovne.cz\/index.php?rest_route=\/wp\/v2\/users\/3"}],"replies":[{"embeddable":true,"href":"https:\/\/mva.navyrovne.cz\/index.php?rest_route=%2Fwp%2Fv2%2Fcomments&post=36591"}],"version-history":[{"count":1,"href":"https:\/\/mva.navyrovne.cz\/index.php?rest_route=\/wp\/v2\/pages\/36591\/revisions"}],"predecessor-version":[{"id":36593,"href":"https:\/\/mva.navyrovne.cz\/index.php?rest_route=\/wp\/v2\/pages\/36591\/revisions\/36593"}],"wp:attachment":[{"href":"https:\/\/mva.navyrovne.cz\/index.php?rest_route=%2Fwp%2Fv2%2Fmedia&parent=36591"}],"curies":[{"name":"wp","href":"https:\/\/api.w.org\/{rel}","templated":true}]}}