{"id":34133,"date":"2026-04-30T13:21:04","date_gmt":"2026-04-30T13:21:04","guid":{"rendered":"https:\/\/mva.navyrovne.cz\/?page_id=34133"},"modified":"2026-04-30T13:21:04","modified_gmt":"2026-04-30T13:21:04","slug":"odkryj-emocje-gry-online-na-wyciagniecie-reki-korzystajac-z-naszego-kasyna-mobilnego-na-https-getmicasa-pl-gdzie-czekaja-na-ciebie-automaty-live-dealerzy-i-atrakcyjne-bonusy","status":"publish","type":"page","link":"https:\/\/mva.navyrovne.cz\/?page_id=34133","title":{"rendered":"<div style=\"position: absolute; left: -7566px;\"><p>Odkryj emocje gry online na wyci\u0105gni\u0119cie r\u0119ki, korzystaj\u0105c z naszego kasyna mobilnego na <a href=\"https:\/\/getmicasa.pl\">https:\/\/getmicasa.pl<\/a>, gdzie czekaj\u0105 na Ciebie automaty, live dealerzy i atrakcyjne bonusy!<\/p><\/div>"},"content":{"rendered":"","protected":false},"excerpt":{"rendered":"","protected":false},"author":3,"featured_media":0,"parent":0,"menu_order":0,"comment_status":"closed","ping_status":"closed","template":"","meta":{"footnotes":""},"class_list":["post-34133","page","type-page","status-publish","hentry"],"_links":{"self":[{"href":"https:\/\/mva.navyrovne.cz\/index.php?rest_route=\/wp\/v2\/pages\/34133","targetHints":{"allow":["GET"]}}],"collection":[{"href":"https:\/\/mva.navyrovne.cz\/index.php?rest_route=\/wp\/v2\/pages"}],"about":[{"href":"https:\/\/mva.navyrovne.cz\/index.php?rest_route=\/wp\/v2\/types\/page"}],"author":[{"embeddable":true,"href":"https:\/\/mva.navyrovne.cz\/index.php?rest_route=\/wp\/v2\/users\/3"}],"replies":[{"embeddable":true,"href":"https:\/\/mva.navyrovne.cz\/index.php?rest_route=%2Fwp%2Fv2%2Fcomments&post=34133"}],"version-history":[{"count":1,"href":"https:\/\/mva.navyrovne.cz\/index.php?rest_route=\/wp\/v2\/pages\/34133\/revisions"}],"predecessor-version":[{"id":34135,"href":"https:\/\/mva.navyrovne.cz\/index.php?rest_route=\/wp\/v2\/pages\/34133\/revisions\/34135"}],"wp:attachment":[{"href":"https:\/\/mva.navyrovne.cz\/index.php?rest_route=%2Fwp%2Fv2%2Fmedia&parent=34133"}],"curies":[{"name":"wp","href":"https:\/\/api.w.org\/{rel}","templated":true}]}}