{"id":33922,"date":"2026-04-22T14:30:41","date_gmt":"2026-04-22T14:30:41","guid":{"rendered":"https:\/\/mva.navyrovne.cz\/?page_id=33922"},"modified":"2026-04-22T14:30:41","modified_gmt":"2026-04-22T14:30:41","slug":"uzijte-si-svet-online-kasin-primo-na-svem-smartphonu-nebo-tabletu-kde-tikitaka-nabizi-plynule-hrani-zive-dealery-a-atraktivni-bonusy-pro-nadsence-mobilniho-hrani","status":"publish","type":"page","link":"https:\/\/mva.navyrovne.cz\/?page_id=33922","title":{"rendered":"<div style=\"position: absolute; left: -7566px;\"><p>U\u017eijte si sv\u011bt online kasin p\u0159\u00edmo na sv\u00e9m smartphonu nebo tabletu, kde <a href=\"https:\/\/tikkitaka.cz\/\">Tikitaka<\/a> nab\u00edz\u00ed plynul\u00e9 hran\u00ed, \u017eiv\u00e9 dealery a atraktivn\u00ed bonusy pro nad\u0161ence mobiln\u00edho hran\u00ed.<\/p><\/div>"},"content":{"rendered":"","protected":false},"excerpt":{"rendered":"","protected":false},"author":3,"featured_media":0,"parent":0,"menu_order":0,"comment_status":"closed","ping_status":"closed","template":"","meta":{"footnotes":""},"class_list":["post-33922","page","type-page","status-publish","hentry"],"_links":{"self":[{"href":"https:\/\/mva.navyrovne.cz\/index.php?rest_route=\/wp\/v2\/pages\/33922","targetHints":{"allow":["GET"]}}],"collection":[{"href":"https:\/\/mva.navyrovne.cz\/index.php?rest_route=\/wp\/v2\/pages"}],"about":[{"href":"https:\/\/mva.navyrovne.cz\/index.php?rest_route=\/wp\/v2\/types\/page"}],"author":[{"embeddable":true,"href":"https:\/\/mva.navyrovne.cz\/index.php?rest_route=\/wp\/v2\/users\/3"}],"replies":[{"embeddable":true,"href":"https:\/\/mva.navyrovne.cz\/index.php?rest_route=%2Fwp%2Fv2%2Fcomments&post=33922"}],"version-history":[{"count":1,"href":"https:\/\/mva.navyrovne.cz\/index.php?rest_route=\/wp\/v2\/pages\/33922\/revisions"}],"predecessor-version":[{"id":33924,"href":"https:\/\/mva.navyrovne.cz\/index.php?rest_route=\/wp\/v2\/pages\/33922\/revisions\/33924"}],"wp:attachment":[{"href":"https:\/\/mva.navyrovne.cz\/index.php?rest_route=%2Fwp%2Fv2%2Fmedia&parent=33922"}],"curies":[{"name":"wp","href":"https:\/\/api.w.org\/{rel}","templated":true}]}}