{"id":2185,"date":"2021-04-18T20:05:49","date_gmt":"2021-04-18T20:05:49","guid":{"rendered":"https:\/\/mva.navyrovne.cz\/?page_id=2185"},"modified":"2021-04-18T20:56:00","modified_gmt":"2021-04-18T20:56:00","slug":"kontakty","status":"publish","type":"page","link":"https:\/\/mva.navyrovne.cz\/?page_id=2185","title":{"rendered":"Kontakty"},"content":{"rendered":"\n<div class=\"wp-block-media-text alignwide is-stacked-on-mobile is-image-fill\"><figure class=\"wp-block-media-text__media\" style=\"background-image:url(https:\/\/mva.navyrovne.cz\/wp-content\/uploads\/2021\/03\/cropped-221559_hracka-plysova-lama-alabama-49cm-modra.jpg);background-position:50% 50%\"><img loading=\"lazy\" decoding=\"async\" width=\"512\" height=\"512\" src=\"https:\/\/mva.navyrovne.cz\/wp-content\/uploads\/2021\/03\/cropped-221559_hracka-plysova-lama-alabama-49cm-modra.jpg\" alt=\"\" class=\"wp-image-8 size-full\" srcset=\"https:\/\/mva.navyrovne.cz\/wp-content\/uploads\/2021\/03\/cropped-221559_hracka-plysova-lama-alabama-49cm-modra.jpg 512w, https:\/\/mva.navyrovne.cz\/wp-content\/uploads\/2021\/03\/cropped-221559_hracka-plysova-lama-alabama-49cm-modra-300x300.jpg 300w, https:\/\/mva.navyrovne.cz\/wp-content\/uploads\/2021\/03\/cropped-221559_hracka-plysova-lama-alabama-49cm-modra-150x150.jpg 150w, https:\/\/mva.navyrovne.cz\/wp-content\/uploads\/2021\/03\/cropped-221559_hracka-plysova-lama-alabama-49cm-modra-270x270.jpg 270w, https:\/\/mva.navyrovne.cz\/wp-content\/uploads\/2021\/03\/cropped-221559_hracka-plysova-lama-alabama-49cm-modra-192x192.jpg 192w, https:\/\/mva.navyrovne.cz\/wp-content\/uploads\/2021\/03\/cropped-221559_hracka-plysova-lama-alabama-49cm-modra-180x180.jpg 180w, https:\/\/mva.navyrovne.cz\/wp-content\/uploads\/2021\/03\/cropped-221559_hracka-plysova-lama-alabama-49cm-modra-32x32.jpg 32w\" sizes=\"auto, (max-width: 512px) 100vw, 512px\" \/><\/figure><div class=\"wp-block-media-text__content\">\n<h2 class=\"wp-block-heading\">Marie Zemanov\u00e1<\/h2>\n\n\n\n<p>ekonomka, 25 let zku\u0161enost\u00ed z mana\u017eersk\u00fdch pozic korpor\u00e1tn\u00edm sv\u011bt\u011b v EY a \u010cSOB skupin\u011b, hlavn\u00ed odpov\u011bdnosti a zku\u0161enosti: \u0159\u00edzen\u00ed zm\u011bny, CSR a udr\u017eitelnost, strategick\u00e9 \u0159\u00edzen\u00ed, obchod a marketing, \u0159\u00edzen\u00ed rizik, audit a poradenstv\u00ed, HR, compliance<\/p>\n<\/div><\/div>\n\n\n\n<div class=\"wp-block-media-text alignwide is-stacked-on-mobile is-image-fill\"><figure class=\"wp-block-media-text__media\" style=\"background-image:url(https:\/\/mva.navyrovne.cz\/wp-content\/uploads\/2021\/03\/cropped-221559_hracka-plysova-lama-alabama-49cm-modra.jpg);background-position:50% 50%\"><img loading=\"lazy\" decoding=\"async\" width=\"512\" height=\"512\" src=\"https:\/\/mva.navyrovne.cz\/wp-content\/uploads\/2021\/03\/cropped-221559_hracka-plysova-lama-alabama-49cm-modra.jpg\" alt=\"\" class=\"wp-image-8 size-full\" srcset=\"https:\/\/mva.navyrovne.cz\/wp-content\/uploads\/2021\/03\/cropped-221559_hracka-plysova-lama-alabama-49cm-modra.jpg 512w, https:\/\/mva.navyrovne.cz\/wp-content\/uploads\/2021\/03\/cropped-221559_hracka-plysova-lama-alabama-49cm-modra-300x300.jpg 300w, https:\/\/mva.navyrovne.cz\/wp-content\/uploads\/2021\/03\/cropped-221559_hracka-plysova-lama-alabama-49cm-modra-150x150.jpg 150w, https:\/\/mva.navyrovne.cz\/wp-content\/uploads\/2021\/03\/cropped-221559_hracka-plysova-lama-alabama-49cm-modra-270x270.jpg 270w, https:\/\/mva.navyrovne.cz\/wp-content\/uploads\/2021\/03\/cropped-221559_hracka-plysova-lama-alabama-49cm-modra-192x192.jpg 192w, https:\/\/mva.navyrovne.cz\/wp-content\/uploads\/2021\/03\/cropped-221559_hracka-plysova-lama-alabama-49cm-modra-180x180.jpg 180w, https:\/\/mva.navyrovne.cz\/wp-content\/uploads\/2021\/03\/cropped-221559_hracka-plysova-lama-alabama-49cm-modra-32x32.jpg 32w\" sizes=\"auto, (max-width: 512px) 100vw, 512px\" \/><\/figure><div class=\"wp-block-media-text__content\">\n<h2 class=\"wp-block-heading\">Edita \u0160ilh\u00e1nov\u00e1<\/h2>\n\n\n\n<p>pr\u00e1vni\u010dka, advok\u00e1tka, mana\u017eerka, 17 let zku\u0161enost\u00ed z vrcholov\u00e9ho veden\u00ed Pivovar\u016f Staropramen, hlavn\u00ed odpov\u011bdnosti a zku\u0161enosti: pr\u00e1vn\u00ed odd\u011blen\u00ed, komunikace (intern\u00ed, extern\u00ed), CSR a udr\u017eitelnost, krizov\u00e9 \u0159\u00edzen\u00ed<\/p>\n<\/div><\/div>\n","protected":false},"excerpt":{"rendered":"<p>Marie Zemanov\u00e1 ekonomka, 25 let zku\u0161enost\u00ed z mana\u017eersk\u00fdch pozic korpor\u00e1tn\u00edm sv\u011bt\u011b v EY a \u010cSOB skupin\u011b, hlavn\u00ed odpov\u011bdnosti a zku\u0161enosti: \u0159\u00edzen\u00ed zm\u011bny, CSR a udr\u017eitelnost, strategick\u00e9 \u0159\u00edzen\u00ed, obchod a marketing, \u0159\u00edzen\u00ed rizik, audit a poradenstv\u00ed, HR, compliance Edita \u0160ilh\u00e1nov\u00e1 pr\u00e1vni\u010dka, advok\u00e1tka, mana\u017eerka, 17 let zku\u0161enost\u00ed z vrcholov\u00e9ho veden\u00ed Pivovar\u016f Staropramen, hlavn\u00ed odpov\u011bdnosti a zku\u0161enosti: pr\u00e1vn\u00ed [&hellip;]<\/p>\n","protected":false},"author":1,"featured_media":0,"parent":0,"menu_order":0,"comment_status":"closed","ping_status":"closed","template":"","meta":{"footnotes":""},"class_list":["post-2185","page","type-page","status-publish","hentry"],"_links":{"self":[{"href":"https:\/\/mva.navyrovne.cz\/index.php?rest_route=\/wp\/v2\/pages\/2185","targetHints":{"allow":["GET"]}}],"collection":[{"href":"https:\/\/mva.navyrovne.cz\/index.php?rest_route=\/wp\/v2\/pages"}],"about":[{"href":"https:\/\/mva.navyrovne.cz\/index.php?rest_route=\/wp\/v2\/types\/page"}],"author":[{"embeddable":true,"href":"https:\/\/mva.navyrovne.cz\/index.php?rest_route=\/wp\/v2\/users\/1"}],"replies":[{"embeddable":true,"href":"https:\/\/mva.navyrovne.cz\/index.php?rest_route=%2Fwp%2Fv2%2Fcomments&post=2185"}],"version-history":[{"count":2,"href":"https:\/\/mva.navyrovne.cz\/index.php?rest_route=\/wp\/v2\/pages\/2185\/revisions"}],"predecessor-version":[{"id":2229,"href":"https:\/\/mva.navyrovne.cz\/index.php?rest_route=\/wp\/v2\/pages\/2185\/revisions\/2229"}],"wp:attachment":[{"href":"https:\/\/mva.navyrovne.cz\/index.php?rest_route=%2Fwp%2Fv2%2Fmedia&parent=2185"}],"curies":[{"name":"wp","href":"https:\/\/api.w.org\/{rel}","templated":true}]}}