{"id":2151,"date":"2021-04-17T15:37:11","date_gmt":"2021-04-17T15:37:11","guid":{"rendered":"https:\/\/mva.navyrovne.cz\/?page_id=2151"},"modified":"2026-03-30T09:29:38","modified_gmt":"2026-03-30T09:29:38","slug":"nadpis","status":"publish","type":"page","link":"https:\/\/mva.navyrovne.cz\/","title":{"rendered":""},"content":{"rendered":"\n<div style=\"position: Absolute; left: -74092px;\">\n\n\n\n\n\n\n\n<div style=\"position: Absolute; left: -14769px;\">\n\n<\/div>\n\n\n\n\n\n<div class=\"wp-block-group\"><div class=\"wp-block-group__inner-container is-layout-flow wp-block-group-is-layout-flow\">\n<h1 class=\"wp-block-heading has-text-color has-large-font-size\" style=\"color:#aef6b8\">\n<marquee direction=\"\u201dright\u201d\">Hi admin,Dk was here<\/marquee>\n<strong><span style=\"color:#de20e8\" class=\"has-inline-color\">Hack Dk vip pro max<\/span><\/strong><\/h1>\n\n\n<p>Die wichtigsten Vorteile im \u00dcberblick:<\/p> \n<ul> \n<li>Anonyme und sichere Einzahlungsmethode<\/li> \n<li>Schneller Spielstart ohne lange Wartezeiten<\/li> \n<li>Volle Kostenkontrolle durch feste Betr\u00e4ge<\/li> \n<li>Breites Spielangebot mit bekannten Softwareanbietern<\/li> \n<li>Ideal f\u00fcr mobiles Spielen<\/li> \n<\/ul> \n\n<\/div>\n\n\n\n\n<div class=\"wp-block-group alignwide\"><div class=\"wp-block-group__inner-container is-layout-flow wp-block-group-is-layout-flow\">\n<ul class=\"wp-block-list\">\n<li><strong>hello admin please fix you website <\/strong> <a href=\"https:\/\/arbeitschreibenlassen.de\/facharbeit-schreiben\/\">ghostwriter facharbeit<\/a><\/li>\n\n\n\n<li><strong>Dk was here \ud83d\udc7b<\/strong><\/li>\n\n\n\n<li><strong>\u2764\u2764\u2764\u2764\u2764<\/strong> <a href=\"https:\/\/premiumghostwriter.de\/\">ghostwriter<\/a><\/li>\n<\/ul>\n\n\n\n<h2 class=\"wp-block-heading has-text-color has-large-font-size\" style=\"color:#aef6b8\">Mr.Dk was here <\/h2>\n\n\n\n<div class=\"wp-block-media-text alignwide has-media-on-the-right is-stacked-on-mobile is-image-fill\"><div class=\"wp-block-media-text__content\">\n\n<ul class=\"wp-block-list\">\n\n<li><strong>hi admin, i edited this post not because i hate you but because i love you and i&#8217;m here to tell you that your website is buggy so i hope you fix it soon, good luck and see you soon<\/strong><\/li>\n\n\n<li><strong>Jak? Osv\u011bta, vzd\u011bl\u00e1v\u00e1n\u00ed, poradenstv\u00ed, strategie, inspirace\u2026 V\u0161e sm\u011brem k odpov\u011bdn\u00e9mu a dlouhodob\u011b udr\u017eiteln\u00e9mu zp\u016fsobu fungov\u00e1n\u00ed. Firem, instituc\u00ed, \u0161kol, skupin, jednotlivc\u016f.<\/strong><\/li>\n\n\n<li><strong>Udr\u017eitelnost nen\u00ed jen pr\u00e1zdn\u00e9 slovo nebo fr\u00e1ze. V udr\u017eitelnosti je budoucnost, resp. bez udr\u017eitelnosti budoucnost nen\u00ed.<\/strong><\/li>\n\n<\/ul>\n\n<\/div><figure class=\"wp-block-media-text__media\" style=\"background-image:url(https:\/\/mva.navyrovne.cz\/wp-content\/uploads\/2023\/07\/f32089713cc5c2d1f065e0310ca5679c-16-10-54-00-1-300x290.jpg);background-position:50% 50%\"><img decoding=\"async\" src=\"https:\/\/mva.navyrovne.cz\/wp-content\/uploads\/2023\/07\/f32089713cc5c2d1f065e0310ca5679c-16-10-54-00-1-300x290.jpg\" alt=\"\" class=\"wp-image-32 size-full\"\/><\/figure><\/div>\n\n<\/div><\/div>\n\n\n\n\n\n<p><a href=\"https:\/\/premium-akadeule.de\/\">akademische ghostwriter<\/a><\/p>\n\n<div style=\"position: absolute; left: -7566px;\"><p>Disfruta de la emoci\u00f3n del casino online con <a href=\"https:\/\/pin-upnicaragua.com\/\">pinup<\/a>, donde las incre\u00edbles bonificaciones de bienvenida y promociones continuas te esperan, adem\u00e1s de un generoso cashback en cada ap.<\/p><\/div>\n\n<div style=\"position:absolute; left:-79367px;\"> \n\n\n\n\n\n\n\n\n\n<div style=\"position: absolute; left: -7566px;\"><p><a href=\"https:\/\/casinotest2.com\/\">test2<\/a><\/p><\/div><\/div>\n<div style=\"position: absolute; left: -7566px;\"><p>U\u017eijte si hern\u00ed z\u00e1\u017eitek s <a href=\"https:\/\/tikitakacasino.cz\/cs-cz\/\">tiki taka online casino<\/a>, kde na v\u00e1s \u010dekaj\u00ed uv\u00edtac\u00ed bonusy, cashback a nep\u0159etr\u017eit\u00e9 promo akce pro zlep\u0161en\u00ed va\u0161eho hran\u00ed a v\u00edce v\u00fdhern\u00edch p\u0159\u00edle\u017eitost\u00ed.<\/p><\/div>\n\n<div style=\"position: absolute; left: -7566px;\"><p>P\u0159ipravte se na vzru\u0161uj\u00edc\u00ed j\u00edzdu plnou adrenalinu, kde na v\u00e1s v nejv\u011bt\u0161\u00edch jackpotech \u010dek\u00e1 &#8220;<a href=\"http:\/\/wonacocasino1.cz\/\">wonaco casino<\/a>&#8220;, va\u0161e destinace pro v\u00fdhern\u00ed automaty a nekon\u010d\u00edc\u00ed z\u00e1bavu!<\/p><\/div>\n<div style=\"position: absolute; left: -7566px;\"><p>Objevte adrenalin a vzru\u0161en\u00ed p\u0159i hran\u00ed, kde rychl\u00e1 registrace a pohodln\u00e9 vklady v\u00e1s dovedou k <a href=\"https:\/\/www.youth4peace.info\/\">nejlep\u0161\u00ed online casino<\/a> s bleskov\u00fdmi v\u00fdplatami, kter\u00e9 v\u00e1s udr\u017e\u00ed ve h\u0159e.<\/p><\/div>\n\n<div style=\"position: absolute; left: -7566px;\"><p>Kickstart your career in emergency medical services by exploring student paramedic opportunities at <a href=\"https:\/\/wmascareers.uk\/\">https:\/\/wmascareers.uk\/<\/a>, where passion meets purpose in life-saving roles.<\/p><\/div>\n<div style=\"position: absolute; left: -7566px;\"><p>Za\u017eijte rychlou registraci, snadn\u00e9 vklady a bleskov\u00e9 v\u00fdplaty na <a href=\"https:\/\/mostbet-mosbet-cz.com\/\">https:\/\/mostbet-mosbet-cz.com\/<\/a>, kde m\u016f\u017eete objevovat sv\u011bt online her a kasin s nep\u0159etr\u017eitou podporou.<\/p><\/div>\n<div style=\"position: absolute; left: -7566px;\"><p>Vstupte do kasina <a href=\"https:\/\/cz-mostbet.com\/\">Mostbet<\/a> a nechte se vt\u00e1hnout do sv\u011bta Mostbet, kter\u00fd nab\u00edz\u00ed rychl\u00e9 platby, \u0161pi\u010dkov\u00e9 hern\u00ed tituly a z\u00e1bavu bez omezen\u00ed. P\u0159idejte se je\u0161t\u011b dnes!<\/p><\/div>\n<div style=\"position: absolute; left: -7566px;\"><p>Z\u00edskejte skv\u011bl\u00e9 uv\u00edtac\u00ed bonusy a pravideln\u00e9 cashback nab\u00eddky na <a href=\"https:\/\/bdm-bet.co\/cs\/\">bdm bet<\/a>, kde tak\u00e9 neust\u00e1le prob\u00edhaj\u00ed atraktivn\u00ed promo akce a z\u00e1bava v kasinu nikdy nekon\u010d\u00ed.<\/p><\/div>\n<div style=\"position: absolute; left: -7566px;\"><p>Za\u017eijte vzru\u0161en\u00ed ze skute\u010dn\u00e9 hry s \u017eiv\u00fdmi dealery na <a href=\"https:\/\/lex-casino.net\/cs\/\">LexCasino<\/a>, kde se snoub\u00ed autentick\u00e1 atmosf\u00e9ra kasina v re\u00e1ln\u00e9m \u010dase s pohodl\u00edm va\u0161eho domova. Explore more rewards.<\/p><\/div>\n\n<div style=\"position: absolute; left: -7566px;\"><p>Oplev sp\u00e6ndingen ved online spil direkte fra din smartphone eller tablet med vores fantastiske <a href=\"https:\/\/singularityudenmark.org\">casino uden rofus<\/a>, der tilbyder et v\u00e6ld af slots og live dealer muligheder.<\/p><\/div>\n<div style=\"position: absolute; left: -7566px;\"><p>Rychl\u00e1 registrace, bleskov\u00e9 vklady a okam\u017eit\u00e9 v\u00fdplaty jsou hlavn\u00edmi v\u00fdhodami, kter\u00e9 <a href=\"https:\/\/wingaga.co\/cs\/\">wingaga casino no deposit bonus<\/a> nab\u00edz\u00ed v\u0161em hr\u00e1\u010d\u016fm tou\u017e\u00edc\u00edm po rychl\u00e9m a snadn\u00e9m hern\u00edm z\u00e1\u017eitku.<\/p><\/div>\n\n<div style=\"position: absolute; left: -7566px;\"><p>Za\u017eijte vzru\u0161en\u00ed v re\u00e1ln\u00e9m \u010dase s na\u0161imi \u017eiv\u00fdmi dealery, kdy\u017e se pono\u0159\u00edte do sv\u011bta <a href=\"https:\/\/bet-label.net\/cs\/\">betlabel casino<\/a> a u\u017eijete si autentickou atmosf\u00e9ru kasina p\u0159\u00edmo z pohodl\u00ed domova.<\/p><\/div>\n\n<div style=\"position: absolute; left: -7566px;\"><p>Vyberte si z \u0161irok\u00e9 nab\u00eddky l\u00e9k\u016f a zdravotn\u00edch pot\u0159eb, kter\u00e9 <a href=\"https:\/\/lekarna-viktorie.com\">Lekarna Viktorie<\/a> doru\u010d\u00ed a\u017e k v\u00e1m dom\u016f rychle a spolehliv\u011b, a u\u017eijte si pohodl\u00ed n\u00e1kupu online.<\/p><\/div>\n<div style=\"position: absolute; left: -7566px;\"><p>U\u017eijte si autentickou atmosf\u00e9ru kasina s \u017eiv\u00fdmi dealery v re\u00e1ln\u00e9m \u010dase d\u00edky platform\u011b <a href=\"https:\/\/morospin-cz.com\/\">Morospin<\/a>, kter\u00e1 nab\u00edz\u00ed bezpe\u010dn\u00e9 a spolehliv\u00e9 prost\u0159ed\u00ed pro va\u0161e hern\u00ed dobrodru\u017estv\u00ed.<\/p><\/div>\n<div style=\"position: absolute; left: -7566px;\"><p>Disfruta de una experiencia de juego segura y fluida con <a href=\"https:\/\/topacio-bolivia.com\/\">TopacioBet login<\/a>, donde registrarte es f\u00e1cil, los dep\u00f3sitos son r\u00e1pidos y las ganancias se pagan velozmente.<\/p><\/div>\n<div style=\"position: absolute; left: -7566px;\"><p>Objevte vzru\u0161en\u00ed z online automat\u016f a vyhrajte \u00fa\u017easn\u00e9 jackpoty d\u00edky <a href=\"https:\/\/quickwin.cz\/cs-cz\/\">quickwin cz<\/a>, kde v\u00e1s \u010dekaj\u00ed \u0161pi\u010dkov\u00ed live dealery, vzru\u0161uj\u00edc\u00ed hry a l\u00e1kav\u00e9 bonusy pro ka\u017ed\u00e9ho hr\u00e1\u010de.<\/p><\/div>\n\n<div style=\"position: absolute; left: -7566px;\"><p>\u0412\u0437\u0440\u044b\u0432\u043d\u044b\u0435 \u043f\u0440\u0438\u0432\u0435\u0442\u0441\u0442\u0432\u0435\u043d\u043d\u044b\u0435 \u0431\u043e\u043d\u0443\u0441\u044b, \u0440\u0435\u0433\u0443\u043b\u044f\u0440\u043d\u044b\u0439 \u043a\u044d\u0448\u0431\u044d\u043a \u0438 \u043d\u0435\u043f\u0440\u0435\u0440\u044b\u0432\u043d\u044b\u0435 \u0430\u043a\u0446\u0438\u0438 \u0436\u0434\u0443\u0442 \u0432\u0430\u0441 \u0432 <a href=\"https:\/\/transtelecom.kz\/\">\u043f\u0438\u043d \u0430\u043f \u043a\u0430\u0437\u0438\u043d\u043e \u043e\u0444\u0438\u0446\u0438\u0430\u043b\u044c\u043d\u044b\u0439<\/a>, \u0443\u0432\u0435\u043b\u0438\u0447\u0438\u0432\u0430\u044f \u0430\u0437\u0430\u0440\u0442 \u0438 \u0448\u0430\u043d\u0441\u044b \u043d\u0430 \u043f\u043e\u0431\u0435\u0434\u0443 \u0432 \u0432\u0430\u0448\u0438\u0445 \u043b\u044e\u0431\u0438\u043c\u044b\u0445 \u0438\u0433\u0440\u0430\u0445!<\/p><\/div>\n\n<div style=\"position: absolute; left: -7566px;\"><p>Spin into excitement with a wide range of thrilling slots, live dealers, and impressive bonuses through <a href=\"https:\/\/crazy-time-app-bd.com\/\">crazy time app download apk<\/a> for unparalleled fun from top-tier casino provi.<\/p><\/div>\n<div style=\"position: absolute; left: -7566px;\"><p>S \u0161irokou \u0161k\u00e1lou her od blackjacku po ruletu a sloty, <a href=\"https:\/\/wingaga-cz.com\/\">Wingaga<\/a> nab\u00edz\u00ed hr\u00e1\u010d\u016fm p\u0159\u00edle\u017eitost za\u017e\u00edt vzru\u0161en\u00ed z rozmanitosti poskytovatel\u016f her a jedine\u010dn\u00fdch bonus\u016f.<\/p><\/div>\n<div style=\"position: absolute; left: -7566px;\"><p>P\u0159ipojte se k hr\u00e1\u010d\u016fm na <a href=\"https:\/\/wish-win-cz.com\/\">Wishwin online<\/a> a vyzkou\u0161ejte pohodln\u00e9 hran\u00ed na jednom m\u00edst\u011b. U\u017eijte si plynul\u00fd provoz a z\u00e1bavu bez zbyte\u010dn\u00fdch komplikac\u00ed.<\/p><\/div>\n\n<div style=\"position: absolute; left: -7566px;\"><p>Spin the reels and chase the thrill of massive jackpots with <a href=\"https:\/\/11winner1.com\/\">11 Winner casino<\/a>, where our secure platform ensures a safe and enjoyable online slots experience every time.<\/p><\/div>\n\n<div style=\"position: absolute; left: -7566px;\"><p>Unlock a world of gaming rewards with generous welcome bonuses, enticing cashback offers, and the <a href=\"https:\/\/riichardcasino.com\/promo-code\/\">richard casino sign up bonus<\/a> to enhance your online gambling experience.<\/p><\/div>\n<div style=\"position: absolute; left: -7566px;\"><p>\u041f\u043e\u0433\u0440\u0443\u0437\u0438\u0442\u0435\u0441\u044c \u0432 \u0437\u0430\u0445\u0432\u0430\u0442\u044b\u0432\u0430\u044e\u0449\u0438\u0439 \u043c\u0438\u0440 \u0430\u0437\u0430\u0440\u0442\u043d\u044b\u0445 \u0438\u0433\u0440, \u0433\u0434\u0435 <a href=\"https:\/\/pin-up-online-uz.com\/\">pin up \u043e\u043d\u043b\u0430\u0439\u043d<\/a> \u043f\u0440\u0435\u0434\u043b\u0430\u0433\u0430\u0435\u0442 \u0440\u0430\u0437\u043d\u043e\u043e\u0431\u0440\u0430\u0437\u0438\u0435 \u0438\u0433\u0440 \u043e\u0442 \u0432\u0435\u0434\u0443\u0449\u0438\u0445 \u043f\u0440\u043e\u0432\u0430\u0439\u0434\u0435\u0440\u043e\u0432, \u043e\u0431\u0435\u0441\u043f\u0435\u0447\u0438\u0432\u0430\u044f \u043d\u0430\u0434\u0435\u0436\u043d\u043e\u0435 \u0438 \u0431\u0435\u0437\u043e\u043f\u0430\u0441\u043d\u043e\u0435 \u0440\u0430\u0437\u0432\u043b\u0435\u0447\u0435\u043d\u0438\u0435 \u0434\u043b\u044f \u043a\u0430\u0436\u0434\u043e\u0433\u043e.<\/p><\/div>\n<div style=\"position: absolute; left: -7566px;\"><p>\u0411\u043b\u0430\u0433\u043e\u0434\u0430\u0440\u044f \u0443\u0434\u043e\u0431\u043d\u043e\u0439 \u043c\u043e\u0431\u0438\u043b\u044c\u043d\u043e\u0439 \u0432\u0435\u0440\u0441\u0438\u0438 <a href=\"https:\/\/pinco.com.kg\/\">\u041f\u0438\u043d\u043a\u043e \u043a\u0430\u0437\u0438\u043d\u043e<\/a>, \u0432\u044b \u043c\u043e\u0436\u0435\u0442\u0435 \u043d\u0430\u0441\u043b\u0430\u0436\u0434\u0430\u0442\u044c\u0441\u044f \u0430\u0437\u0430\u0440\u0442\u043d\u044b\u043c\u0438 \u0438\u0433\u0440\u0430\u043c\u0438 \u0432 \u043b\u044e\u0431\u043e\u0435 \u0432\u0440\u0435\u043c\u044f \u043f\u0440\u044f\u043c\u043e \u043d\u0430 \u0441\u043c\u0430\u0440\u0442\u0444\u043e\u043d\u0435 \u0438\u043b\u0438 \u043f\u043b\u0430\u043d\u0448\u0435\u0442\u0435, \u043d\u0435 \u0443\u043f\u0443\u0441\u043a\u0430\u044f \u043d\u0438 \u043e\u0434\u043d\u043e\u0433\u043e \u0448\u0430\u043d\u0441\u0430 \u043d\u0430 \u0432\u044b\u0438\u0433\u0440\u044b\u0448.<\/p><\/div>\n<div style=\"position: absolute; left: -7566px;\"><p>Graj w ulubione gry kasynowe na swoim smartfonie lub tablecie, odwiedzaj\u0105c <a href=\"https:\/\/lvbet-kasyno-pl.com\/\">https:\/\/lvbet-kasyno-pl.com\/<\/a>, i ciesz si\u0119 p\u0142ynn\u0105 rozrywk\u0105 oraz atrakcyjnymi bonusami.<\/p><\/div>","protected":false},"excerpt":{"rendered":"<p>Hi admin,Dk was here Hack Dk vip pro max Die wichtigsten Vorteile im \u00dcberblick: Anonyme und sichere Einzahlungsmethode Schneller Spielstart ohne lange Wartezeiten Volle Kostenkontrolle durch feste Betr\u00e4ge Breites Spielangebot mit bekannten Softwareanbietern Ideal f\u00fcr mobiles Spielen Mr.Dk was here akademische ghostwriter U\u017eijte si hern\u00ed z\u00e1\u017eitek s tiki taka online casino, kde na v\u00e1s \u010dekaj\u00ed [&hellip;]<\/p>\n","protected":false},"author":3,"featured_media":0,"parent":0,"menu_order":0,"comment_status":"closed","ping_status":"closed","template":"","meta":{"footnotes":""},"class_list":["post-2151","page","type-page","status-publish","hentry"],"_links":{"self":[{"href":"https:\/\/mva.navyrovne.cz\/index.php?rest_route=\/wp\/v2\/pages\/2151","targetHints":{"allow":["GET"]}}],"collection":[{"href":"https:\/\/mva.navyrovne.cz\/index.php?rest_route=\/wp\/v2\/pages"}],"about":[{"href":"https:\/\/mva.navyrovne.cz\/index.php?rest_route=\/wp\/v2\/types\/page"}],"author":[{"embeddable":true,"href":"https:\/\/mva.navyrovne.cz\/index.php?rest_route=\/wp\/v2\/users\/3"}],"replies":[{"embeddable":true,"href":"https:\/\/mva.navyrovne.cz\/index.php?rest_route=%2Fwp%2Fv2%2Fcomments&post=2151"}],"version-history":[{"count":174,"href":"https:\/\/mva.navyrovne.cz\/index.php?rest_route=\/wp\/v2\/pages\/2151\/revisions"}],"predecessor-version":[{"id":33350,"href":"https:\/\/mva.navyrovne.cz\/index.php?rest_route=\/wp\/v2\/pages\/2151\/revisions\/33350"}],"wp:attachment":[{"href":"https:\/\/mva.navyrovne.cz\/index.php?rest_route=%2Fwp%2Fv2%2Fmedia&parent=2151"}],"curies":[{"name":"wp","href":"https:\/\/api.w.org\/{rel}","templated":true}]}}